{"id":5100,"date":"2020-12-18T08:40:36","date_gmt":"2020-12-18T08:40:36","guid":{"rendered":"https:\/\/ruahrealestate.com\/contact\/"},"modified":"2020-12-30T18:19:08","modified_gmt":"2020-12-30T18:19:08","slug":"contact","status":"publish","type":"page","link":"https:\/\/ruahrealestate.com\/en\/contact\/","title":{"rendered":"Contact"},"content":{"rendered":"\t\t<div data-elementor-type=\"wp-page\" data-elementor-id=\"5100\" class=\"elementor elementor-5100 elementor-4336\" data-elementor-settings=\"[]\">\n\t\t\t\t\t\t<div class=\"elementor-inner\">\n\t\t\t\t\t\t\t<div class=\"elementor-section-wrap\">\n\t\t\t\t\t\t\t<section class=\"elementor-section elementor-top-section elementor-element elementor-element-ea199d5 elementor-section-boxed elementor-section-height-default elementor-section-height-default\" data-id=\"ea199d5\" data-element_type=\"section\">\n\t\t\t\t\t\t<div class=\"elementor-container elementor-column-gap-default\">\n\t\t\t\t\t\t\t<div class=\"elementor-row\">\n\t\t\t\t\t<div class=\"elementor-column elementor-col-25 elementor-top-column elementor-element elementor-element-9ad66e8\" data-id=\"9ad66e8\" data-element_type=\"column\">\n\t\t\t<div class=\"elementor-column-wrap\">\n\t\t\t\t\t\t\t<div class=\"elementor-widget-wrap\">\n\t\t\t\t\t\t\t\t<\/div>\n\t\t\t\t\t<\/div>\n\t\t<\/div>\n\t\t\t\t<div class=\"elementor-column elementor-col-50 elementor-top-column elementor-element elementor-element-feb8d51\" data-id=\"feb8d51\" data-element_type=\"column\">\n\t\t\t<div class=\"elementor-column-wrap elementor-element-populated\">\n\t\t\t\t\t\t\t<div class=\"elementor-widget-wrap\">\n\t\t\t\t\t\t<div class=\"elementor-element elementor-element-5c1c908f elementor-widget elementor-widget-heading\" data-id=\"5c1c908f\" data-element_type=\"widget\" data-widget_type=\"heading.default\">\n\t\t\t\t<div class=\"elementor-widget-container\">\n\t\t\t<h2 class=\"elementor-heading-title elementor-size-default\">Contact us<\/h2>\t\t<\/div>\n\t\t\t\t<\/div>\n\t\t\t\t<div class=\"elementor-element elementor-element-fc34d0e elementor-widget elementor-widget-text-editor\" data-id=\"fc34d0e\" data-element_type=\"widget\" data-widget_type=\"text-editor.default\">\n\t\t\t\t<div class=\"elementor-widget-container\">\n\t\t\t\t\t<div class=\"elementor-text-editor elementor-clearfix\"><p>We work to bring you a satisfactory experience, and that is why we want to accompany you in this process. We invite you to discover our real estate promotions and to get in touch with our Ruah Real Estate agents. We are here for you.<\/p>\n<\/div>\n\t\t\t\t<\/div>\n\t\t\t\t<\/div>\n\t\t\t\t<div class=\"elementor-element elementor-element-17d7bf8 elementor-widget elementor-widget-htcontactform-addons\" data-id=\"17d7bf8\" data-element_type=\"widget\" data-widget_type=\"htcontactform-addons.default\">\n\t\t\t\t<div class=\"elementor-widget-container\">\n\t\t\t            <div class=\"htcontact-form-wrapper\" >\n                <div role=\"form\" class=\"wpcf7\" id=\"wpcf7-f5253-o1\" lang=\"es-ES\" dir=\"ltr\">\n<div class=\"screen-reader-response\"><p role=\"status\" aria-live=\"polite\" aria-atomic=\"true\"><\/p> <ul><\/ul><\/div>\n<form action=\"\/en\/wp-json\/wp\/v2\/pages\/5100#wpcf7-f5253-o1\" method=\"post\" class=\"wpcf7-form init wpcf7-acceptance-as-validation\" novalidate=\"novalidate\" data-status=\"init\">\n<div style=\"display: none;\">\n<input type=\"hidden\" name=\"_wpcf7\" value=\"5253\" \/>\n<input type=\"hidden\" name=\"_wpcf7_version\" value=\"5.3\" \/>\n<input type=\"hidden\" name=\"_wpcf7_locale\" value=\"es_ES\" \/>\n<input type=\"hidden\" name=\"_wpcf7_unit_tag\" value=\"wpcf7-f5253-o1\" \/>\n<input type=\"hidden\" name=\"_wpcf7_container_post\" value=\"0\" \/>\n<input type=\"hidden\" name=\"_wpcf7_posted_data_hash\" value=\"\" \/>\n<\/div>\n<p><span class=\"wpcf7-form-control-wrap your-fullname\"><input type=\"text\" name=\"your-fullname\" value=\"\" size=\"40\" class=\"wpcf7-form-control wpcf7-text wpcf7-validates-as-required\" aria-required=\"true\" aria-invalid=\"false\" placeholder=\"Full name\" \/><\/span><\/p>\n<p><span class=\"wpcf7-form-control-wrap your-country\"><select name=\"your-country\" class=\"wpcf7-form-control wpcf7-select wpcf7-validates-as-required\" aria-required=\"true\" aria-invalid=\"false\"><option value=\"Aruba\">Aruba<\/option><option value=\"Afganist\u00e1n\">Afganist\u00e1n<\/option><option value=\"Angola\">Angola<\/option><option value=\"Anguila\">Anguila<\/option><option value=\"Islas de \u00c5land\">Islas de \u00c5land<\/option><option value=\"Albania\">Albania<\/option><option value=\"Andorra\">Andorra<\/option><option value=\"Emiratos \u00c1rabes Unidos\">Emiratos \u00c1rabes Unidos<\/option><option value=\"Argentina\">Argentina<\/option><option value=\"Armenia\">Armenia<\/option><option value=\"Samoa Americana\">Samoa Americana<\/option><option value=\"Antarctica\">Antarctica<\/option><option value=\"Territorios Australes y Ant\u00e1rticas Franceses\">Territorios Australes y Ant\u00e1rticas Franceses<\/option><option value=\"Antigua and Barbuda\">Antigua and Barbuda<\/option><option value=\"Australia\">Australia<\/option><option value=\"Austria\">Austria<\/option><option value=\"Azerbay\u00e1n\">Azerbay\u00e1n<\/option><option value=\"Burundi\">Burundi<\/option><option value=\"B\u00e9lgica\">B\u00e9lgica<\/option><option value=\"Ben\u00edn\">Ben\u00edn<\/option><option value=\"Bonaire, San Eustaquio y Saba\">Bonaire, San Eustaquio y Saba<\/option><option value=\"Burkina Faso\">Burkina Faso<\/option><option value=\"Bangladesh\">Bangladesh<\/option><option value=\"Bulgaria\">Bulgaria<\/option><option value=\"Bahrein\">Bahrein<\/option><option value=\"Bahamas\">Bahamas<\/option><option value=\"Bosnia and Herzegovina\">Bosnia and Herzegovina<\/option><option value=\"San Bartolom\u00e9\">San Bartolom\u00e9<\/option><option value=\"Bielorrusia\">Bielorrusia<\/option><option value=\"Belice\">Belice<\/option><option value=\"Islas Bermudas\">Islas Bermudas<\/option><option value=\"Bolivia\">Bolivia<\/option><option value=\"Brasil\">Brasil<\/option><option value=\"Barbados\">Barbados<\/option><option value=\"Brun\u00e9i\">Brun\u00e9i<\/option><option value=\"Bhut\u00e1n\">Bhut\u00e1n<\/option><option value=\"Isla Bouvet\">Isla Bouvet<\/option><option value=\"Botsuana\">Botsuana<\/option><option value=\"Rep\u00fablica Centroafricana\">Rep\u00fablica Centroafricana<\/option><option value=\"Canada\">Canada<\/option><option value=\"Islas Cocos (Keeling)\">Islas Cocos (Keeling)<\/option><option value=\"Suiza\">Suiza<\/option><option value=\"Chile\">Chile<\/option><option value=\"China\">China<\/option><option value=\"Costa de Marfil\">Costa de Marfil<\/option><option value=\"Camer\u00fan\">Camer\u00fan<\/option><option value=\"Congo, Rep\u00fablica Democr\u00e1tica del\">Congo, Rep\u00fablica Democr\u00e1tica del<\/option><option value=\"Congo\">Congo<\/option><option value=\"Islas Cook\">Islas Cook<\/option><option value=\"Colombia\">Colombia<\/option><option value=\"Comoras\">Comoras<\/option><option value=\"Cabo Verde\">Cabo Verde<\/option><option value=\"Costa Rica\">Costa Rica<\/option><option value=\"Cuba\">Cuba<\/option><option value=\"Curazao\">Curazao<\/option><option value=\"Isla de Navidad\">Isla de Navidad<\/option><option value=\"Islas Caim\u00e1n\">Islas Caim\u00e1n<\/option><option value=\"Chipre\">Chipre<\/option><option value=\"Rep\u00fablica Checa\">Rep\u00fablica Checa<\/option><option value=\"Alemania\">Alemania<\/option><option value=\"Yibuti\">Yibuti<\/option><option value=\"Dominica\">Dominica<\/option><option value=\"Dinamarca\">Dinamarca<\/option><option value=\"Rep\u00fablica Dominicana\">Rep\u00fablica Dominicana<\/option><option value=\"Argelia\">Argelia<\/option><option value=\"Ecuador\">Ecuador<\/option><option value=\"Egipto\">Egipto<\/option><option value=\"Eritrea\">Eritrea<\/option><option value=\"Sahara Occidental\">Sahara Occidental<\/option><option value=\"Espa\u00f1a\" selected=\"selected\">Espa\u00f1a<\/option><option value=\"Estonia\">Estonia<\/option><option value=\"Etiop\u00eda\">Etiop\u00eda<\/option><option value=\"Finlandia\">Finlandia<\/option><option value=\"Fiji\">Fiji<\/option><option value=\"Islas Malvinas\">Islas Malvinas<\/option><option value=\"Francia\">Francia<\/option><option value=\"Islas Feroe\">Islas Feroe<\/option><option value=\"Micronesia\">Micronesia<\/option><option value=\"Gabon\">Gabon<\/option><option value=\"Reino Unido\">Reino Unido<\/option><option value=\"Georgia\">Georgia<\/option><option value=\"Guernsey\">Guernsey<\/option><option value=\"Ghana\">Ghana<\/option><option value=\"Gibraltar\">Gibraltar<\/option><option value=\"Guinea\">Guinea<\/option><option value=\"Guadalupe\">Guadalupe<\/option><option value=\"Gambia\">Gambia<\/option><option value=\"Guinea-Bissau\">Guinea-Bissau<\/option><option value=\"Guinea Ecuatorial\">Guinea Ecuatorial<\/option><option value=\"Grecia\">Grecia<\/option><option value=\"Granada\">Granada<\/option><option value=\"Groenlandia\">Groenlandia<\/option><option value=\"Guatemala\">Guatemala<\/option><option value=\"Guayana Francesa\">Guayana Francesa<\/option><option value=\"Guam\">Guam<\/option><option value=\"Guyana\">Guyana<\/option><option value=\"Hong Kong\">Hong Kong<\/option><option value=\"Islas Heard y McDonald\">Islas Heard y McDonald<\/option><option value=\"Honduras\">Honduras<\/option><option value=\"Croacia\">Croacia<\/option><option value=\"Hait\u00ed\">Hait\u00ed<\/option><option value=\"Hungr\u00eda\">Hungr\u00eda<\/option><option value=\"Indonesia\">Indonesia<\/option><option value=\"Isla de Man\">Isla de Man<\/option><option value=\"India\">India<\/option><option value=\"Territorio Brit\u00e1nico del Oc\u00e9ano \u00cdndico\">Territorio Brit\u00e1nico del Oc\u00e9ano \u00cdndico<\/option><option value=\"Irlanda\">Irlanda<\/option><option value=\"Ir\u00e1n\">Ir\u00e1n<\/option><option value=\"Irak\">Irak<\/option><option value=\"Islandia\">Islandia<\/option><option value=\"Israel\">Israel<\/option><option value=\"Italia\">Italia<\/option><option value=\"Jamaica\">Jamaica<\/option><option value=\"Jersey\">Jersey<\/option><option value=\"Jordania\">Jordania<\/option><option value=\"Jap\u00f3n\">Jap\u00f3n<\/option><option value=\"Kazajist\u00e1n\">Kazajist\u00e1n<\/option><option value=\"Kenia\">Kenia<\/option><option value=\"Kirgizst\u00e1n\">Kirgizst\u00e1n<\/option><option value=\"Camboya\">Camboya<\/option><option value=\"Kiribati\">Kiribati<\/option><option value=\"Saint Kitts and Nevis\">Saint Kitts and Nevis<\/option><option value=\"Corea del Sur\">Corea del Sur<\/option><option value=\"Kuwait\">Kuwait<\/option><option value=\"Laos\">Laos<\/option><option value=\"Lebanon\">Lebanon<\/option><option value=\"Liberia\">Liberia<\/option><option value=\"Libia\">Libia<\/option><option value=\"Santa Luc\u00eda\">Santa Luc\u00eda<\/option><option value=\"Liechtenstein\">Liechtenstein<\/option><option value=\"Sri Lanka\">Sri Lanka<\/option><option value=\"Lesoto\">Lesoto<\/option><option value=\"Lituania\">Lituania<\/option><option value=\"Luxemburgo\">Luxemburgo<\/option><option value=\"Letonia\">Letonia<\/option><option value=\"Macao\">Macao<\/option><option value=\"San Mart\u00edn (Francia)\">San Mart\u00edn (Francia)<\/option><option value=\"Marruecos\">Marruecos<\/option><option value=\"Monaco\">Monaco<\/option><option value=\"Moldavia\">Moldavia<\/option><option value=\"Madagascar\">Madagascar<\/option><option value=\"Islas Maldivas\">Islas Maldivas<\/option><option value=\"Mexico\">Mexico<\/option><option value=\"Islas Marshall\">Islas Marshall<\/option><option value=\"Maced\u00f4nia\">Maced\u00f4nia<\/option><option value=\"Mali\">Mali<\/option><option value=\"Malta\">Malta<\/option><option value=\"Birmania\">Birmania<\/option><option value=\"Montenegro\">Montenegro<\/option><option value=\"Mongolia\">Mongolia<\/option><option value=\"Islas Marianas del Norte\">Islas Marianas del Norte<\/option><option value=\"Mozambique\">Mozambique<\/option><option value=\"Mauritania\">Mauritania<\/option><option value=\"Montserrat\">Montserrat<\/option><option value=\"Martinica\">Martinica<\/option><option value=\"Mauricio\">Mauricio<\/option><option value=\"Malawi\">Malawi<\/option><option value=\"Malasia\">Malasia<\/option><option value=\"Mayotte\">Mayotte<\/option><option value=\"Namibia\">Namibia<\/option><option value=\"Nueva Caledonia\">Nueva Caledonia<\/option><option value=\"Niger\">Niger<\/option><option value=\"Norfolk Island\">Norfolk Island<\/option><option value=\"Nigeria\">Nigeria<\/option><option value=\"Nicaragua\">Nicaragua<\/option><option value=\"Niue\">Niue<\/option><option value=\"Pa\u00edses Bajos\">Pa\u00edses Bajos<\/option><option value=\"Norway\">Norway<\/option><option value=\"Nepal\">Nepal<\/option><option value=\"Nauru\">Nauru<\/option><option value=\"Nueva Zelanda\">Nueva Zelanda<\/option><option value=\"Om\u00e1n\">Om\u00e1n<\/option><option value=\"Pakist\u00e1n\">Pakist\u00e1n<\/option><option value=\"Panam\u00e1\">Panam\u00e1<\/option><option value=\"Pitcairn\">Pitcairn<\/option><option value=\"Per\u00fa\">Per\u00fa<\/option><option value=\"Filipinas\">Filipinas<\/option><option value=\"Palau\">Palau<\/option><option value=\"Pap\u00faa Nueva Guinea\">Pap\u00faa Nueva Guinea<\/option><option value=\"Polonia\">Polonia<\/option><option value=\"Puerto Rico\">Puerto Rico<\/option><option value=\"Corea del Norte\">Corea del Norte<\/option><option value=\"Portugal\">Portugal<\/option><option value=\"Paraguay\">Paraguay<\/option><option value=\"Palestina\">Palestina<\/option><option value=\"Polinesia Francesa\">Polinesia Francesa<\/option><option value=\"Qatar\">Qatar<\/option><option value=\"Reuni\u00f3n\">Reuni\u00f3n<\/option><option value=\"Ruman\u00eda\">Ruman\u00eda<\/option><option value=\"Rusia\">Rusia<\/option><option value=\"Ruanda\">Ruanda<\/option><option value=\"Arabia Saudita\">Arabia Saudita<\/option><option value=\"Sud\u00e1n\">Sud\u00e1n<\/option><option value=\"Senegal\">Senegal<\/option><option value=\"Singapur\">Singapur<\/option><option value=\"Islas Georgias del Sur y Sandwich del Sur\">Islas Georgias del Sur y Sandwich del Sur<\/option><option value=\"Santa Elena\">Santa Elena<\/option><option value=\"Svalbard y Jan Mayen\">Svalbard y Jan Mayen<\/option><option value=\"Solomon Islands\">Solomon Islands<\/option><option value=\"Sierra Leona\">Sierra Leona<\/option><option value=\"El Salvador\">El Salvador<\/option><option value=\"San Marino\">San Marino<\/option><option value=\"Somalia\">Somalia<\/option><option value=\"San Pedro y Miquel\u00f3n\">San Pedro y Miquel\u00f3n<\/option><option value=\"Serbia\">Serbia<\/option><option value=\"Sud\u00e1n del Sur\">Sud\u00e1n del Sur<\/option><option value=\"Santo Tom\u00e9 y Pr\u00edncipe\">Santo Tom\u00e9 y Pr\u00edncipe<\/option><option value=\"Surin\u00e1m\">Surin\u00e1m<\/option><option value=\"Eslovaquia\">Eslovaquia<\/option><option value=\"Eslovenia\">Eslovenia<\/option><option value=\"Suecia\">Suecia<\/option><option value=\"Swazilandia\">Swazilandia<\/option><option value=\"Sint Maarten\">Sint Maarten<\/option><option value=\"Seychelles\">Seychelles<\/option><option value=\"Siria\">Siria<\/option><option value=\"Islas Turcas y Caicos\">Islas Turcas y Caicos<\/option><option value=\"Chad\">Chad<\/option><option value=\"Togo\">Togo<\/option><option value=\"Tailandia\">Tailandia<\/option><option value=\"Tadjikist\u00e1n\">Tadjikist\u00e1n<\/option><option value=\"Tokelau\">Tokelau<\/option><option value=\"Turkmenistan\">Turkmenistan<\/option><option value=\"Timor Oriental\">Timor Oriental<\/option><option value=\"Tonga\">Tonga<\/option><option value=\"Trinidad y Tobago\">Trinidad y Tobago<\/option><option value=\"Tunez\">Tunez<\/option><option value=\"Turqu\u00eda\">Turqu\u00eda<\/option><option value=\"Tuvalu\">Tuvalu<\/option><option value=\"Taiw\u00e1n\">Taiw\u00e1n<\/option><option value=\"Tanzania\">Tanzania<\/option><option value=\"Uganda\">Uganda<\/option><option value=\"Ucrania\">Ucrania<\/option><option value=\"Islas Ultramarinas Menores de Estados Unidos\">Islas Ultramarinas Menores de Estados Unidos<\/option><option value=\"Uruguay\">Uruguay<\/option><option value=\"Estados Unidos de Am\u00e9rica\">Estados Unidos de Am\u00e9rica<\/option><option value=\"Uzbekist\u00e1n\">Uzbekist\u00e1n<\/option><option value=\"Ciudad del Vaticano\">Ciudad del Vaticano<\/option><option value=\"San Vicente y las Granadinas\">San Vicente y las Granadinas<\/option><option value=\"Venezuela\">Venezuela<\/option><option value=\"Islas V\u00edrgenes Brit\u00e1nicas\">Islas V\u00edrgenes Brit\u00e1nicas<\/option><option value=\"Islas V\u00edrgenes de los Estados Unidos\">Islas V\u00edrgenes de los Estados Unidos<\/option><option value=\"Vietnam\">Vietnam<\/option><option value=\"Vanuatu\">Vanuatu<\/option><option value=\"Wallis y Futuna\">Wallis y Futuna<\/option><option value=\"Samoa\">Samoa<\/option><option value=\"Yemen\">Yemen<\/option><option value=\"Sud\u00e1frica\">Sud\u00e1frica<\/option><option value=\"Zambia\">Zambia<\/option><option value=\"Zimbabwe\">Zimbabwe<\/option><\/select><\/span><\/p>\n<p><span class=\"wpcf7-form-control-wrap your-phonenumber\"><input type=\"tel\" name=\"your-phonenumber\" value=\"\" size=\"40\" class=\"wpcf7-form-control wpcf7-text wpcf7-tel wpcf7-validates-as-required wpcf7-validates-as-tel\" aria-required=\"true\" aria-invalid=\"false\" placeholder=\"Phone\" \/><\/span><\/p>\n<p><span class=\"wpcf7-form-control-wrap your-email\"><input type=\"email\" name=\"your-email\" value=\"\" size=\"40\" class=\"wpcf7-form-control wpcf7-text wpcf7-email wpcf7-validates-as-required wpcf7-validates-as-email\" aria-required=\"true\" aria-invalid=\"false\" placeholder=\"Email\" \/><\/span><\/p>\n<p><span class=\"wpcf7-form-control-wrap your-message\"><textarea name=\"your-message\" cols=\"40\" rows=\"10\" class=\"wpcf7-form-control wpcf7-textarea\" aria-invalid=\"false\" placeholder=\"Message\"><\/textarea><\/span><\/p>\n<p><!-- Mailchimp for WordPress v4.8.1 - https:\/\/www.mc4wp.com\/ --><input type=\"hidden\" name=\"_mc4wp_subscribe_contact-form-7\" value=\"0\" \/><span class=\" mc4wp-checkbox mc4wp-checkbox-contact-form-7\" ><label><input type=\"checkbox\" name=\"_mc4wp_subscribe_contact-form-7\" value=\"1\" checked=\"checked\" \/><span>Acepto la pol\u00edtica de privacidad<\/span><\/label><\/span><!-- \/ Mailchimp for WordPress --><\/p>\n<p><span class=\"wpcf7-form-control-wrap cmplz-acceptance\"><span class=\"wpcf7-form-control wpcf7-acceptance\"><span class=\"wpcf7-list-item\"><label><input type=\"checkbox\" name=\"cmplz-acceptance\" value=\"1\" aria-invalid=\"false\" \/><span class=\"wpcf7-list-item-label\">To submit this form, you must accept our <a href=\"https:\/\/ruahrealestate.com\/declaracion-de-privacidad-ue\/\">privacy policy<\/a><\/span><\/label><\/span><\/span><\/span><\/p>\n<p><span class=\"wpcf7-form-control-wrap mc4wp-NWSLTR\"><span class=\"wpcf7-form-control wpcf7-acceptance optional\"><span class=\"wpcf7-list-item\"><label><input type=\"checkbox\" name=\"mc4wp-NWSLTR\" value=\"1\" aria-invalid=\"false\" \/><span class=\"wpcf7-list-item-label\">I want to subscribe to the newsletter and receive information about new promotions from Ruah Real Estate<\/span><\/label><\/span><\/span><\/span><\/p>\n<p><input type=\"submit\" value=\"Send\" class=\"wpcf7-form-control wpcf7-submit\" \/><\/p>\n<input type='hidden' class='wpcf7-pum' value='{\"closepopup\":false,\"closedelay\":0,\"openpopup\":false,\"openpopup_id\":0}' \/><div class=\"wpcf7-response-output\" aria-hidden=\"true\"><\/div><\/form><\/div>            <\/div>\n\n        \t\t<\/div>\n\t\t\t\t<\/div>\n\t\t\t\t\t\t<\/div>\n\t\t\t\t\t<\/div>\n\t\t<\/div>\n\t\t\t\t<div class=\"elementor-column elementor-col-25 elementor-top-column elementor-element elementor-element-5097bc6\" data-id=\"5097bc6\" data-element_type=\"column\">\n\t\t\t<div class=\"elementor-column-wrap\">\n\t\t\t\t\t\t\t<div class=\"elementor-widget-wrap\">\n\t\t\t\t\t\t\t\t<\/div>\n\t\t\t\t\t<\/div>\n\t\t<\/div>\n\t\t\t\t\t\t\t\t<\/div>\n\t\t\t\t\t<\/div>\n\t\t<\/section>\n\t\t\t\t\t\t<\/div>\n\t\t\t\t\t\t<\/div>\n\t\t\t\t\t<\/div>\n\t\t","protected":false},"excerpt":{"rendered":"<p>Contact us We work to bring you a satisfactory experience, and that is why we want to accompany you in this process. We invite you to discover our real estate promotions and to get in touch with our Ruah Real Estate agents. We are here for you. ArubaAfganist\u00e1nAngolaAnguilaIslas de \u00c5landAlbaniaAndorraEmiratos \u00c1rabes UnidosArgentinaArmeniaSamoa AmericanaAntarcticaTerritorios Australes y [&hellip;]<\/p>\n<div class='heateor_sss_sharing_container heateor_sss_vertical_sharing heateor_sss_bottom_sharing' style='width:39px;left: 0px;top: 300px;background-color: #000000' heateor-sss-data-href='https:\/\/ruahrealestate.com\/en\/wp-json\/wp\/v2\/pages\/5100'><ul class=\"heateor_sss_sharing_ul\"><li class=\"\"><i style=\"width:35px;height:35px;margin:0;\" alt=\"Whatsapp\" Title=\"Whatsapp\" class=\"heateorSssSharing heateorSssWhatsappBackground\"><a  href=\"https:\/\/web.whatsapp.com\/send?text=Ruah%20Real%20Estate%20-%20Promociones%20de%20lujo https%3A%2F%2Fruahrealestate.com%2Fen%2Fwp-json%2Fwp%2Fv2%2Fpages%2F5100\" rel=\"nofollow noopener\" target=\"_blank\"><ss style=\"display:block\" class=\"heateorSssSharingSvg heateorSssWhatsappSvg\"><\/ss><\/a><\/i><\/li><li class=\"\"><i style=\"width:35px;height:35px;margin:0;\" alt=\"Email\" Title=\"Email\" class=\"heateorSssSharing heateorSssEmailBackground\"  onclick=\"window.open('mailto:?subject=' + decodeURIComponent('Ruah%20Real%20Estate%20-%20Promociones%20de%20lujo' ).replace('&', '%26') + '&body=' + decodeURIComponent('https%3A%2F%2Fruahrealestate.com%2Fen%2Fwp-json%2Fwp%2Fv2%2Fpages%2F5100' ), '_blank')\"><ss style=\"display:block\" class=\"heateorSssSharingSvg heateorSssEmailSvg\"><\/ss><\/i><\/li><li class=\"\"><i style=\"width:35px;height:35px;margin:0;\" alt=\"Linkedin\" Title=\"Linkedin\" class=\"heateorSssSharing heateorSssLinkedinBackground\" onclick='heateorSssPopup(\"http:\/\/www.linkedin.com\/shareArticle?mini=true&url=https%3A%2F%2Fruahrealestate.com%2Fen%2Fwp-json%2Fwp%2Fv2%2Fpages%2F5100&title=Ruah%20Real%20Estate%20-%20Promociones%20de%20lujo\")'><ss style=\"display:block;\" class=\"heateorSssSharingSvg heateorSssLinkedinSvg\"><\/ss><\/i><\/li><li class=\"\"><i style=\"width:35px;height:35px;margin:0;\" alt=\"Facebook\" Title=\"Facebook\" class=\"heateorSssSharing heateorSssFacebookBackground\" onclick='heateorSssPopup(\"https:\/\/www.facebook.com\/sharer\/sharer.php?u=https%3A%2F%2Fruahrealestate.com%2Fen%2Fwp-json%2Fwp%2Fv2%2Fpages%2F5100\")'><ss style=\"display:block;\" class=\"heateorSssSharingSvg heateorSssFacebookSvg\"><\/ss><\/i><\/li><li class=\"\"><i style=\"width:35px;height:35px;margin:0;\" alt=\"Facebook Messenger\" Title=\"Facebook Messenger\" class=\"heateorSssSharing heateorSssFacebookMessengerBackground\" onclick='heateorSssPopup(\"https:\/\/www.facebook.com\/dialog\/send?app_id=1904103319867886&display=popup&link=https%3A%2F%2Fruahrealestate.com%2Fen%2Fwp-json%2Fwp%2Fv2%2Fpages%2F5100&redirect_uri=https%3A%2F%2Fruahrealestate.com%2Fen%2Fwp-json%2Fwp%2Fv2%2Fpages%2F5100\")'><ss style=\"display:block;\" class=\"heateorSssSharingSvg heateorSssFacebookMessengerSvg\"><\/ss><\/i><\/li><li class=\"\"><i style=\"width:35px;height:35px;margin:0;\" alt=\"Twitter\" Title=\"Twitter\" class=\"heateorSssSharing heateorSssTwitterBackground\" onclick='heateorSssPopup(\"http:\/\/twitter.com\/intent\/tweet?text=Ruah%20Real%20Estate%20-%20Promociones%20de%20lujo&url=https%3A%2F%2Fruahrealestate.com%2Fen%2Fwp-json%2Fwp%2Fv2%2Fpages%2F5100\")'><ss style=\"display:block;\" class=\"heateorSssSharingSvg heateorSssTwitterSvg\"><\/ss><\/i><\/li><\/ul><div class=\"heateorSssClear\"><\/div><\/div>","protected":false},"author":1,"featured_media":0,"parent":0,"menu_order":0,"comment_status":"closed","ping_status":"closed","template":"template\/template-page.php","meta":[],"yoast_head":"<!-- This site is optimized with the Yoast SEO plugin v15.3 - https:\/\/yoast.com\/wordpress\/plugins\/seo\/ -->\n<title>Contact - Ruah Real Estate<\/title>\n<meta name=\"robots\" content=\"index, follow, max-snippet:-1, max-image-preview:large, max-video-preview:-1\" \/>\n<link rel=\"canonical\" href=\"https:\/\/ruahrealestate.com\/en\/contact\/\" \/>\n<meta property=\"og:locale\" content=\"en_US\" \/>\n<meta property=\"og:type\" content=\"article\" \/>\n<meta property=\"og:title\" content=\"Contact - Ruah Real Estate\" \/>\n<meta property=\"og:description\" content=\"Contact us We work to bring you a satisfactory experience, and that is why we want to accompany you in this process. We invite you to discover our real estate promotions and to get in touch with our Ruah Real Estate agents. We are here for you. ArubaAfganist\u00e1nAngolaAnguilaIslas de \u00c5landAlbaniaAndorraEmiratos \u00c1rabes UnidosArgentinaArmeniaSamoa AmericanaAntarcticaTerritorios Australes y [&hellip;]\" \/>\n<meta property=\"og:url\" content=\"https:\/\/ruahrealestate.com\/en\/contact\/\" \/>\n<meta property=\"og:site_name\" content=\"Ruah Real Estate\" \/>\n<meta property=\"article:modified_time\" content=\"2020-12-30T18:19:08+00:00\" \/>\n<meta name=\"twitter:card\" content=\"summary_large_image\" \/>\n<meta name=\"twitter:label1\" content=\"Written by\">\n\t<meta name=\"twitter:data1\" content=\"Ruah Real Estate\">\n\t<meta name=\"twitter:label2\" content=\"Est. reading time\">\n\t<meta name=\"twitter:data2\" content=\"1 minute\">\n<script type=\"application\/ld+json\" class=\"yoast-schema-graph\">{\"@context\":\"https:\/\/schema.org\",\"@graph\":[{\"@type\":\"WebSite\",\"@id\":\"https:\/\/ruahrealestate.com\/#website\",\"url\":\"https:\/\/ruahrealestate.com\/\",\"name\":\"Ruah Real Estate\",\"description\":\"Promociones de lujo\",\"potentialAction\":[{\"@type\":\"SearchAction\",\"target\":\"https:\/\/ruahrealestate.com\/?s={search_term_string}\",\"query-input\":\"required name=search_term_string\"}],\"inLanguage\":\"en-US\"},{\"@type\":\"WebPage\",\"@id\":\"https:\/\/ruahrealestate.com\/en\/contact\/#webpage\",\"url\":\"https:\/\/ruahrealestate.com\/en\/contact\/\",\"name\":\"Contact - Ruah Real Estate\",\"isPartOf\":{\"@id\":\"https:\/\/ruahrealestate.com\/#website\"},\"datePublished\":\"2020-12-18T08:40:36+00:00\",\"dateModified\":\"2020-12-30T18:19:08+00:00\",\"inLanguage\":\"en-US\",\"potentialAction\":[{\"@type\":\"ReadAction\",\"target\":[\"https:\/\/ruahrealestate.com\/en\/contact\/\"]}]}]}<\/script>\n<!-- \/ Yoast SEO plugin. -->","_links":{"self":[{"href":"https:\/\/ruahrealestate.com\/en\/wp-json\/wp\/v2\/pages\/5100"}],"collection":[{"href":"https:\/\/ruahrealestate.com\/en\/wp-json\/wp\/v2\/pages"}],"about":[{"href":"https:\/\/ruahrealestate.com\/en\/wp-json\/wp\/v2\/types\/page"}],"author":[{"embeddable":true,"href":"https:\/\/ruahrealestate.com\/en\/wp-json\/wp\/v2\/users\/1"}],"replies":[{"embeddable":true,"href":"https:\/\/ruahrealestate.com\/en\/wp-json\/wp\/v2\/comments?post=5100"}],"version-history":[{"count":4,"href":"https:\/\/ruahrealestate.com\/en\/wp-json\/wp\/v2\/pages\/5100\/revisions"}],"predecessor-version":[{"id":5256,"href":"https:\/\/ruahrealestate.com\/en\/wp-json\/wp\/v2\/pages\/5100\/revisions\/5256"}],"wp:attachment":[{"href":"https:\/\/ruahrealestate.com\/en\/wp-json\/wp\/v2\/media?parent=5100"}],"curies":[{"name":"wp","href":"https:\/\/api.w.org\/{rel}","templated":true}]}}